{"id":17,"date":"2020-10-21T16:51:39","date_gmt":"2020-10-21T14:51:39","guid":{"rendered":"https:\/\/www.eftconsulting.com\/?page_id=17"},"modified":"2021-05-04T18:31:36","modified_gmt":"2021-05-04T16:31:36","slug":"inicio","status":"publish","type":"page","link":"https:\/\/www.eftconsulting.com\/es\/","title":{"rendered":"Inicio"},"content":{"rendered":"<p>[vc_row full_width=\u00bbstretch_row\u00bb full_height=\u00bbyes\u00bb equal_height=\u00bbyes\u00bb foundry_padding=\u00bbpt0 pb0&#8243; css=\u00bb.vc_custom_1620145889285{background-image: url(https:\/\/www.eftconsulting.com\/wp-content\/uploads\/2020\/10\/cabecera-eft-scaled-1.jpg?id=58) !important;background-position: center !important;background-repeat: no-repeat !important;background-size: cover !important;}\u00bb][vc_column el_class=\u00bbimg-home js-menu_toggle\u00bb][vc_empty_space height=\u00bb200px\u00bb el_class=\u00bbvisible-lg visible-xl\u00bb][vc_empty_space height=\u00bb120px\u00bb el_class=\u00bbvisible-xs visible-sm visible-md\u00bb][vc_row_inner content_placement=\u00bbmiddle\u00bb][vc_column_inner width=\u00bb1\/2&#8243; offset=\u00bbvc_col-lg-offset-3&#8243;][vc_single_image image=\u00bb32&#8243; img_size=\u00bbmedium\u00bb alignment=\u00bbcenter\u00bb css_animation=\u00bbfadeIn\u00bb][vc_column_text css_animation=\u00bbfadeInRight\u00bb]<\/p>\n<h1 style=\"text-align: center; text-transform: uppercase;\">Apoyando a instituciones y emprendedores a transformar la sociedad<\/h1>\n<p>[\/vc_column_text][\/vc_column_inner][\/vc_row_inner][vc_empty_space][\/vc_column][\/vc_row][vc_row foundry_padding=\u00bbpb0&#8243; el_id=\u00bbeft-consulting\u00bb][vc_column width=\u00bb1\/2&#8243;][vc_column_text]<\/p>\n<h2>EFT Consulting<\/h2>\n<p>[\/vc_column_text][vc_column_text]Somos una consultora especializada en procesos de maduraci\u00f3n y transferencia de resultados tecnol\u00f3gicos al mercado, as\u00ed como el apoyo en los procesos de estructuraci\u00f3n de empresas tecnol\u00f3gicas y la captaci\u00f3n de financiaci\u00f3n. Contamos con una amplia experiencia y resultados demostrados en dichas \u00e1reas de actividad.[\/vc_column_text][\/vc_column][vc_column width=\u00bb1\/2&#8243; el_class=\u00bbbloque-dirigidoNO\u00bb][vc_single_image image=\u00bb32&#8243; img_size=\u00bbmedium\u00bb alignment=\u00bbcenter\u00bb][\/vc_column][\/vc_row][vc_row foundry_padding=\u00bbpt64 pb64&#8243;][vc_column][vc_row_inner][vc_column_inner el_class=\u00bbindicador\u00bb width=\u00bb1\/4&#8243;][vc_column_text el_class=\u00bbplus\u00bb]<\/p>\n<h2 style=\"text-align: center;\">+<\/h2>\n<p>[\/vc_column_text]<span class=\"counter\">100<\/span><\/p>\n<h4 style=\"text-align: center;\">Proyectos realizados<\/h4>\n<p>\n[\/vc_column_inner][vc_column_inner el_class=\u00bbindicador\u00bb width=\u00bb1\/4&#8243;][vc_column_text el_class=\u00bbplus\u00bb]<\/p>\n<h2 style=\"text-align: center;\">+<\/h2>\n<p>[\/vc_column_text]<span class=\"counter\">50<\/span><\/p>\n<h4 style=\"text-align: center;\">Colaboraciones con spin-offs y startups<\/h4>\n<p>\n[\/vc_column_inner][vc_column_inner el_class=\u00bbindicador\u00bb width=\u00bb1\/4&#8243;][vc_column_text el_class=\u00bbplus\u00bb]<\/p>\n<h2 style=\"text-align: center;\">+<\/h2>\n<p>[\/vc_column_text]<span class=\"counter\">30<\/span><\/p>\n<h4 style=\"text-align: center;\">M\u20ac Financiaci\u00f3n levantada<\/h4>\n<p>\n[\/vc_column_inner][vc_column_inner el_class=\u00bbindicador\u00bb width=\u00bb1\/4&#8243;][vc_column_text el_class=\u00bbplus\u00bb]<\/p>\n<h2 style=\"text-align: center;\">+<\/h2>\n<p>[\/vc_column_text]<span class=\"counter\">10<\/span><\/p>\n<h4 style=\"text-align: center;\">M\u20ac Fondos de Prueba de Concepto gestionados<\/h4>\n<p>\n[\/vc_column_inner][\/vc_row_inner][\/vc_column][\/vc_row][vc_row foundry_padding=\u00bbpb0&#8243; el_id=\u00bbequipo\u00bb][vc_column width=\u00bb1\/2&#8243;][vc_column_text]<\/p>\n<h2>Equipo<\/h2>\n<p>EFT Innovation &amp; Commercialization Consulting fue fundada por <strong>Eladio Crego<\/strong>, profesional con m\u00e1s de 20 a\u00f1os de experiencia en venture capital, transferencia de tecnolog\u00eda, direcci\u00f3n financiera y consultor\u00eda empresarial, tanto en Espa\u00f1a como a nivel internacional.<\/p>\n<p>EFT cuenta con profesionales de distintas especialidades para dar respuesta a las necesidades de cada proyecto mediante la creaci\u00f3n de equipos ad hoc.[\/vc_column_text][vc_column_text css=\u00bb.vc_custom_1602848407371{border-radius: 5px !important;}\u00bb el_class=\u00bbpasos-inscribete btn-deshabilitado\u00bb]<a class=\"btn\" href=\"https:\/\/www.linkedin.com\/company\/eft-innovation-&amp;-commercialization-consulting-sl\/\" target=\"_blank\" rel=\"noopener noreferrer\"><i class=\"fab fa-linkedin-in\"><\/i> Linkedin<\/a>[\/vc_column_text][vc_empty_space][\/vc_column][vc_column width=\u00bb1\/2&#8243;][vc_single_image image=\u00bb56&#8243; img_size=\u00bbfull\u00bb alignment=\u00bbcenter\u00bb css_animation=\u00bbfadeInRight\u00bb el_class=\u00bbfoto-equipo\u00bb][\/vc_column][\/vc_row][vc_row foundry_background_style=\u00bbbg-secondary\u00bb foundry_padding=\u00bbpt64 pb64&#8243; foundry_vertical_align=\u00bbyes\u00bb css=\u00bb.vc_custom_1603113320124{padding-right: 15px !important;padding-left: 15px !important;}\u00bb el_id=\u00bbservicios\u00bb][vc_column][vc_column_text]<\/p>\n<h2><strong>Servicios<\/strong><\/h2>\n<p>[\/vc_column_text][vc_row_inner][vc_column_inner el_class=\u00bbcol-click\u00bb width=\u00bb1\/3&#8243;][vc_single_image image=\u00bb54&#8243; img_size=\u00bbfull\u00bb alignment=\u00bbcenter\u00bb css_animation=\u00bbfadeIn\u00bb el_class=\u00bbico\u00bb][vc_toggle title=\u00bbTransferencia de tecnolog\u00eda\u00bb]<\/p>\n<ul>\n<li>Evaluaci\u00f3n potencial comercial de resultados de investigaci\u00f3n<\/li>\n<li>Valoraci\u00f3n de tecnolog\u00edas<\/li>\n<li>Negociaci\u00f3n de licencias<\/li>\n<\/ul>\n<p>[\/vc_toggle][\/vc_column_inner][vc_column_inner el_class=\u00bbcol-click\u00bb width=\u00bb1\/3&#8243;][vc_single_image image=\u00bb50&#8243; img_size=\u00bbfull\u00bb alignment=\u00bbcenter\u00bb css_animation=\u00bbfadeIn\u00bb el_class=\u00bbico\u00bb][vc_toggle title=\u00bbFinanciaci\u00f3n de la innovaci\u00f3n\u00bb]<\/p>\n<ul>\n<li>Dise\u00f1o, implementaci\u00f3n y gesti\u00f3n de fondos de prueba de concepto<\/li>\n<li>Dise\u00f1o e implementaci\u00f3n de programas de emprendimiento<\/li>\n<\/ul>\n<p>[\/vc_toggle][\/vc_column_inner][vc_column_inner el_class=\u00bbcol-click\u00bb width=\u00bb1\/3&#8243;][vc_single_image image=\u00bb52&#8243; img_size=\u00bbfull\u00bb alignment=\u00bbcenter\u00bb css_animation=\u00bbfadeIn\u00bb el_class=\u00bbico\u00bb][vc_toggle title=\u00bbEmprendimiento tecnol\u00f3gico\u00bb]<\/p>\n<ul>\n<li>Desarrollo de planes de negocios<\/li>\n<li>Estructuraci\u00f3n de equipos de gesti\u00f3n de spin-off<\/li>\n<li>Recaudaci\u00f3n de fondos<\/li>\n<li>Valoraci\u00f3n de empresas<\/li>\n<li>CEO y CFO interino<\/li>\n<\/ul>\n<p>[\/vc_toggle][\/vc_column_inner][\/vc_row_inner][\/vc_column][\/vc_row][vc_row foundry_padding=\u00bbpt64 pb64&#8243; el_id=\u00bbclientes\u00bb][vc_column][vc_column_text]<\/p>\n<h2><strong>Nuestros clientes<\/strong><\/h2>\n<p>[\/vc_column_text]\t\n\t<div class=\"logo-carousel\">\n\t\t<ul class=\"slides\">\n\t\t\t\n<li>\n    <a href=\"https:\/\/www.bioga.org\" target=\"_blank\"><img loading=\"lazy\" decoding=\"async\" width=\"1000\" height=\"601\" src=\"https:\/\/www.eftconsulting.com\/wp-content\/uploads\/2020\/10\/bioga.png\" class=\"attachment-full size-full wp-post-image\" alt=\"Bioga\" srcset=\"https:\/\/www.eftconsulting.com\/wp-content\/uploads\/2020\/10\/bioga.png 1000w, https:\/\/www.eftconsulting.com\/wp-content\/uploads\/2020\/10\/bioga-300x180.png 300w, https:\/\/www.eftconsulting.com\/wp-content\/uploads\/2020\/10\/bioga-768x462.png 768w\" sizes=\"auto, (max-width: 1000px) 100vw, 1000px\" \/><\/a><\/li>\n<li>\n    <img loading=\"lazy\" decoding=\"async\" width=\"1000\" height=\"601\" src=\"https:\/\/www.eftconsulting.com\/wp-content\/uploads\/2020\/10\/politecnica-madrid.png\" class=\"attachment-full size-full wp-post-image\" alt=\"U. Polit\u00e9cnica de Madrid\" srcset=\"https:\/\/www.eftconsulting.com\/wp-content\/uploads\/2020\/10\/politecnica-madrid.png 1000w, https:\/\/www.eftconsulting.com\/wp-content\/uploads\/2020\/10\/politecnica-madrid-300x180.png 300w, https:\/\/www.eftconsulting.com\/wp-content\/uploads\/2020\/10\/politecnica-madrid-768x462.png 768w\" sizes=\"auto, (max-width: 1000px) 100vw, 1000px\" \/><\/li>\n<li>\n    <a href=\"http:\/\/www.upv.es\/\" target=\"_blank\"><img loading=\"lazy\" decoding=\"async\" width=\"1000\" height=\"601\" src=\"https:\/\/www.eftconsulting.com\/wp-content\/uploads\/2020\/10\/politecnica-valencia.png\" class=\"attachment-full size-full wp-post-image\" alt=\"Universidad polit\u00e9cnica de Valencia\" srcset=\"https:\/\/www.eftconsulting.com\/wp-content\/uploads\/2020\/10\/politecnica-valencia.png 1000w, https:\/\/www.eftconsulting.com\/wp-content\/uploads\/2020\/10\/politecnica-valencia-300x180.png 300w, https:\/\/www.eftconsulting.com\/wp-content\/uploads\/2020\/10\/politecnica-valencia-768x462.png 768w\" sizes=\"auto, (max-width: 1000px) 100vw, 1000px\" \/><\/a><\/li>\n<li>\n    <a href=\"http:\/\/www.fundacionprofesornovoasantos.org\/es\/\" target=\"_blank\"><img loading=\"lazy\" decoding=\"async\" width=\"1000\" height=\"601\" src=\"https:\/\/www.eftconsulting.com\/wp-content\/uploads\/2020\/10\/fundacion-pns.png\" class=\"attachment-full size-full wp-post-image\" alt=\"Fundaci\u00f3n Profesor Novoa Santos\" srcset=\"https:\/\/www.eftconsulting.com\/wp-content\/uploads\/2020\/10\/fundacion-pns.png 1000w, https:\/\/www.eftconsulting.com\/wp-content\/uploads\/2020\/10\/fundacion-pns-300x180.png 300w, https:\/\/www.eftconsulting.com\/wp-content\/uploads\/2020\/10\/fundacion-pns-768x462.png 768w\" sizes=\"auto, (max-width: 1000px) 100vw, 1000px\" \/><\/a><\/li>\n<li>\n    <a href=\"https:\/\/www.imibic.org\/\" target=\"_blank\"><img loading=\"lazy\" decoding=\"async\" width=\"1000\" height=\"601\" src=\"https:\/\/www.eftconsulting.com\/wp-content\/uploads\/2020\/10\/imibic.png\" class=\"attachment-full size-full wp-post-image\" alt=\"IMIBIC\" srcset=\"https:\/\/www.eftconsulting.com\/wp-content\/uploads\/2020\/10\/imibic.png 1000w, https:\/\/www.eftconsulting.com\/wp-content\/uploads\/2020\/10\/imibic-300x180.png 300w, https:\/\/www.eftconsulting.com\/wp-content\/uploads\/2020\/10\/imibic-768x462.png 768w\" sizes=\"auto, (max-width: 1000px) 100vw, 1000px\" \/><\/a><\/li>\n<li>\n    <a href=\"http:\/\/www.roche-chus.es\/\" target=\"_blank\"><img loading=\"lazy\" decoding=\"async\" width=\"1000\" height=\"601\" src=\"https:\/\/www.eftconsulting.com\/wp-content\/uploads\/2020\/10\/precision-oncology.png\" class=\"attachment-full size-full wp-post-image\" alt=\"Precision Oncology Roche Chus\" srcset=\"https:\/\/www.eftconsulting.com\/wp-content\/uploads\/2020\/10\/precision-oncology.png 1000w, https:\/\/www.eftconsulting.com\/wp-content\/uploads\/2020\/10\/precision-oncology-300x180.png 300w, https:\/\/www.eftconsulting.com\/wp-content\/uploads\/2020\/10\/precision-oncology-768x462.png 768w\" sizes=\"auto, (max-width: 1000px) 100vw, 1000px\" \/><\/a><\/li>\n<li>\n    <a href=\"https:\/\/fundacionbarrie.org\/\" target=\"_blank\"><img loading=\"lazy\" decoding=\"async\" width=\"1000\" height=\"601\" src=\"https:\/\/www.eftconsulting.com\/wp-content\/uploads\/2020\/10\/fundacion-barrie.png\" class=\"attachment-full size-full wp-post-image\" alt=\"Fundaci\u00f3n Barri\u00e9\" srcset=\"https:\/\/www.eftconsulting.com\/wp-content\/uploads\/2020\/10\/fundacion-barrie.png 1000w, https:\/\/www.eftconsulting.com\/wp-content\/uploads\/2020\/10\/fundacion-barrie-300x180.png 300w, https:\/\/www.eftconsulting.com\/wp-content\/uploads\/2020\/10\/fundacion-barrie-768x462.png 768w\" sizes=\"auto, (max-width: 1000px) 100vw, 1000px\" \/><\/a><\/li>\n<li>\n    <a href=\"http:\/\/gain.xunta.gal\/\" target=\"_blank\"><img loading=\"lazy\" decoding=\"async\" width=\"1000\" height=\"601\" src=\"https:\/\/www.eftconsulting.com\/wp-content\/uploads\/2020\/10\/gain.png\" class=\"attachment-full size-full wp-post-image\" alt=\"GAIN\" srcset=\"https:\/\/www.eftconsulting.com\/wp-content\/uploads\/2020\/10\/gain.png 1000w, https:\/\/www.eftconsulting.com\/wp-content\/uploads\/2020\/10\/gain-300x180.png 300w, https:\/\/www.eftconsulting.com\/wp-content\/uploads\/2020\/10\/gain-768x462.png 768w\" sizes=\"auto, (max-width: 1000px) 100vw, 1000px\" \/><\/a><\/li>\n<li>\n    <a href=\"https:\/\/www.bioib.org\/\" target=\"_blank\"><img loading=\"lazy\" decoding=\"async\" width=\"1000\" height=\"601\" src=\"https:\/\/www.eftconsulting.com\/wp-content\/uploads\/2020\/10\/bioib.png\" class=\"attachment-full size-full wp-post-image\" alt=\"Bioib\" srcset=\"https:\/\/www.eftconsulting.com\/wp-content\/uploads\/2020\/10\/bioib.png 1000w, https:\/\/www.eftconsulting.com\/wp-content\/uploads\/2020\/10\/bioib-300x180.png 300w, https:\/\/www.eftconsulting.com\/wp-content\/uploads\/2020\/10\/bioib-768x462.png 768w\" sizes=\"auto, (max-width: 1000px) 100vw, 1000px\" \/><\/a><\/li>\n<li>\n    <a href=\"https:\/\/ipronics.com\/\" target=\"_blank\"><img loading=\"lazy\" decoding=\"async\" width=\"1000\" height=\"601\" src=\"https:\/\/www.eftconsulting.com\/wp-content\/uploads\/2020\/10\/ipronics.png\" class=\"attachment-full size-full wp-post-image\" alt=\"iPronics\" srcset=\"https:\/\/www.eftconsulting.com\/wp-content\/uploads\/2020\/10\/ipronics.png 1000w, https:\/\/www.eftconsulting.com\/wp-content\/uploads\/2020\/10\/ipronics-300x180.png 300w, https:\/\/www.eftconsulting.com\/wp-content\/uploads\/2020\/10\/ipronics-768x462.png 768w\" sizes=\"auto, (max-width: 1000px) 100vw, 1000px\" \/><\/a><\/li>\n<li>\n    <a href=\"https:\/\/www.nasasbiotech.com\/\" target=\"_blank\"><img loading=\"lazy\" decoding=\"async\" width=\"1000\" height=\"601\" src=\"https:\/\/www.eftconsulting.com\/wp-content\/uploads\/2020\/10\/nasasbiotech.png\" class=\"attachment-full size-full wp-post-image\" alt=\"NasasBiotech\" srcset=\"https:\/\/www.eftconsulting.com\/wp-content\/uploads\/2020\/10\/nasasbiotech.png 1000w, https:\/\/www.eftconsulting.com\/wp-content\/uploads\/2020\/10\/nasasbiotech-300x180.png 300w, https:\/\/www.eftconsulting.com\/wp-content\/uploads\/2020\/10\/nasasbiotech-768x462.png 768w\" sizes=\"auto, (max-width: 1000px) 100vw, 1000px\" \/><\/a><\/li>\n<li>\n    <a href=\"https:\/\/www.leanxcale.com\/\" target=\"_blank\"><img loading=\"lazy\" decoding=\"async\" width=\"1000\" height=\"601\" src=\"https:\/\/www.eftconsulting.com\/wp-content\/uploads\/2020\/10\/leancale.png\" class=\"attachment-full size-full wp-post-image\" alt=\"LeanXCale\" srcset=\"https:\/\/www.eftconsulting.com\/wp-content\/uploads\/2020\/10\/leancale.png 1000w, https:\/\/www.eftconsulting.com\/wp-content\/uploads\/2020\/10\/leancale-300x180.png 300w, https:\/\/www.eftconsulting.com\/wp-content\/uploads\/2020\/10\/leancale-768x462.png 768w\" sizes=\"auto, (max-width: 1000px) 100vw, 1000px\" \/><\/a><\/li>\n<li>\n    <a href=\"https:\/\/teimas.com\/es\" target=\"_blank\"><img loading=\"lazy\" decoding=\"async\" width=\"1000\" height=\"601\" src=\"https:\/\/www.eftconsulting.com\/wp-content\/uploads\/2020\/10\/teimas.png\" class=\"attachment-full size-full wp-post-image\" alt=\"Teimas\" srcset=\"https:\/\/www.eftconsulting.com\/wp-content\/uploads\/2020\/10\/teimas.png 1000w, https:\/\/www.eftconsulting.com\/wp-content\/uploads\/2020\/10\/teimas-300x180.png 300w, https:\/\/www.eftconsulting.com\/wp-content\/uploads\/2020\/10\/teimas-768x462.png 768w\" sizes=\"auto, (max-width: 1000px) 100vw, 1000px\" \/><\/a><\/li>\n<li>\n    <a href=\"http:\/\/www.parquecientificouva.es\/\" target=\"_blank\"><img loading=\"lazy\" decoding=\"async\" width=\"1000\" height=\"601\" src=\"https:\/\/www.eftconsulting.com\/wp-content\/uploads\/2020\/10\/parque-uvalladolid.png\" class=\"attachment-full size-full wp-post-image\" alt=\"Parque Cient\u00edfico de la Universidad de Valladolid\" srcset=\"https:\/\/www.eftconsulting.com\/wp-content\/uploads\/2020\/10\/parque-uvalladolid.png 1000w, https:\/\/www.eftconsulting.com\/wp-content\/uploads\/2020\/10\/parque-uvalladolid-300x180.png 300w, https:\/\/www.eftconsulting.com\/wp-content\/uploads\/2020\/10\/parque-uvalladolid-768x462.png 768w\" sizes=\"auto, (max-width: 1000px) 100vw, 1000px\" \/><\/a><\/li>\t\t<\/ul>\n\t<\/div>\n\t\n[\/vc_column][\/vc_row][vc_row foundry_padding=\u00bbpt64 pb64&#8243; el_id=\u00bbcontacto\u00bb][vc_column][vc_row_inner][vc_column_inner width=\u00bb1\/3&#8243;][vc_column_text]<\/p>\n<h2><strong>\u00bfHablamos?<\/strong><\/h2>\n<p>Si necesitas m\u00e1s informaci\u00f3n sobre nuestros servicios, contacta con nosotros y resolveremos tus dudas.[\/vc_column_text][vc_single_image image=\u00bb47&#8243; img_size=\u00bbfull\u00bb alignment=\u00bbcenter\u00bb css_animation=\u00bbfadeIn\u00bb el_class=\u00bbimg-contacto\u00bb][\/vc_column_inner][vc_column_inner el_class=\u00bbcuadro-sombra\u00bb width=\u00bb7\/12&#8243; offset=\u00bbvc_col-lg-offset-1&#8243;]\n<div class=\"wpcf7 no-js\" id=\"wpcf7-f154-o1\" lang=\"es-ES\" dir=\"ltr\" data-wpcf7-id=\"154\">\n<div class=\"screen-reader-response\"><p role=\"status\" aria-live=\"polite\" aria-atomic=\"true\"><\/p> <ul><\/ul><\/div>\n<form action=\"\/es\/wp-json\/wp\/v2\/pages\/17#wpcf7-f154-o1\" method=\"post\" class=\"wpcf7-form init\" aria-label=\"Formulario de contacto\" novalidate=\"novalidate\" data-status=\"init\">\n<fieldset class=\"hidden-fields-container\"><input type=\"hidden\" name=\"_wpcf7\" value=\"154\" \/><input type=\"hidden\" name=\"_wpcf7_version\" value=\"6.1.5\" \/><input type=\"hidden\" name=\"_wpcf7_locale\" value=\"es_ES\" \/><input type=\"hidden\" name=\"_wpcf7_unit_tag\" value=\"wpcf7-f154-o1\" \/><input type=\"hidden\" name=\"_wpcf7_container_post\" value=\"0\" \/><input type=\"hidden\" name=\"_wpcf7_posted_data_hash\" value=\"\" \/>\n<\/fieldset>\n<div class=\"row\">\n\t<div class=\"col-md-12\">\n\t\t<p><label> Nombre y apellidos <span style=\"font-size:20px\">*<\/span><br \/>\n<span class=\"wpcf7-form-control-wrap\" data-name=\"nombre\"><input size=\"40\" maxlength=\"400\" class=\"wpcf7-form-control wpcf7-text wpcf7-validates-as-required\" aria-required=\"true\" aria-invalid=\"false\" value=\"\" type=\"text\" name=\"nombre\" \/><\/span> <\/label>\n\t\t<\/p>\n\t<\/div>\n\t<div class=\"col-md-12\">\n\t\t<p><label> Email<span style=\"font-size:20px\">*<\/span><br \/>\n<span class=\"wpcf7-form-control-wrap\" data-name=\"email\"><input size=\"40\" maxlength=\"400\" class=\"wpcf7-form-control wpcf7-email wpcf7-validates-as-required wpcf7-text wpcf7-validates-as-email\" aria-required=\"true\" aria-invalid=\"false\" value=\"\" type=\"email\" name=\"email\" \/><\/span> <\/label>\n\t\t<\/p>\n\t<\/div>\n\t<div class=\"col-md-12\">\n\t\t<p><label> Tel\u00e9fono <span style=\"font-size:20px\">*<\/span><br \/>\n<span class=\"wpcf7-form-control-wrap\" data-name=\"telefono\"><input size=\"40\" maxlength=\"400\" class=\"wpcf7-form-control wpcf7-tel wpcf7-validates-as-required wpcf7-text wpcf7-validates-as-tel\" aria-required=\"true\" aria-invalid=\"false\" value=\"\" type=\"tel\" name=\"telefono\" \/><\/span> <\/label>\n\t\t<\/p>\n\t<\/div>\n\t<div class=\"col-md-12\">\n\t\t<p><label> Mensaje<span style=\"font-size:20px\">*<\/span><br \/>\n<span class=\"wpcf7-form-control-wrap\" data-name=\"mensaje\"><textarea cols=\"40\" rows=\"10\" maxlength=\"2000\" class=\"wpcf7-form-control wpcf7-textarea wpcf7-validates-as-required\" aria-required=\"true\" aria-invalid=\"false\" name=\"mensaje\"><\/textarea><\/span> <\/label>\n\t\t<\/p>\n\t<\/div>\n\t<div class=\"input-acceptance\">\n\t\t<p><span class=\"wpcf7-form-control-wrap\" data-name=\"acceptance\"><span class=\"wpcf7-form-control wpcf7-acceptance\"><span class=\"wpcf7-list-item\"><label><input type=\"checkbox\" name=\"acceptance\" value=\"1\" aria-invalid=\"false\" \/><span class=\"wpcf7-list-item-label\">Estoy de acuerdo y acepto la <a  href=\"\/politica-privacidad\" target=\"_blank\">Pol\u00edtica de privacidad<\/a>. <\/br>Este sitio est\u00e1 protegido por reCAPTCHA y se aplican la <a href=\"https:\/\/policies.google.com\/privacy\" target=\"_blank\">Pol\u00edtica de privacidad<\/a> y los <a href=\"https:\/\/policies.google.com\/terms\" target=\"_blank\">T\u00e9rminos de servicio de Google<\/a>.<\/span><\/label><\/span><\/span><\/span>\n\t\t<\/p>\n\t<\/div>\n\t<div class=\"input-btn\">\n\t\t<p><input class=\"wpcf7-form-control wpcf7-submit has-spinner\" type=\"submit\" value=\"Enviar\" \/>\n\t\t<\/p>\n\t<\/div>\n<\/div><div class=\"wpcf7-response-output\" aria-hidden=\"true\"><\/div>\n<\/form>\n<\/div>\n[\/vc_column_inner][\/vc_row_inner][\/vc_column][\/vc_row]<\/p>\n","protected":false},"excerpt":{"rendered":"<p>[vc_row full_width=\u00bbstretch_row\u00bb full_height=\u00bbyes\u00bb equal_height=\u00bbyes\u00bb foundry_padding=\u00bbpt0 pb0&#8243; css=\u00bb.vc_custom_1620145889285{background-image: url(https:\/\/www.eftconsulting.com\/wp-content\/uploads\/2020\/10\/cabecera-eft-scaled-1.jpg?id=58) !important;background-position: center !important;background-repeat: no-repeat !important;background-size: cover !important;}\u00bb][vc_column el_class=\u00bbimg-home js-menu_toggle\u00bb][vc_empty_space height=\u00bb200px\u00bb el_class=\u00bbvisible-lg visible-xl\u00bb][vc_empty_space height=\u00bb120px\u00bb&#8230;<\/p>\n","protected":false},"author":1,"featured_media":0,"parent":0,"menu_order":0,"comment_status":"closed","ping_status":"closed","template":"","meta":{"footnotes":""},"class_list":["post-17","page","type-page","status-publish","hentry"],"yoast_head":"<!-- This site is optimized with the Yoast SEO plugin v15.8 - https:\/\/yoast.com\/wordpress\/plugins\/seo\/ -->\n<title>EFT Consulting | Profitable Innovation<\/title>\n<meta name=\"description\" content=\"Somos una consultora especializada en procesos de transferencia de resultados tecnol\u00f3gicos al mercado y la captaci\u00f3n de financiaci\u00f3n.\" \/>\n<meta name=\"robots\" content=\"index, follow, max-snippet:-1, max-image-preview:large, max-video-preview:-1\" \/>\n<link rel=\"canonical\" href=\"https:\/\/www.eftconsulting.com\/es\/\" \/>\n<meta property=\"og:locale\" content=\"es_ES\" \/>\n<meta property=\"og:type\" content=\"article\" \/>\n<meta property=\"og:title\" content=\"EFT Consulting | Profitable Innovation\" \/>\n<meta property=\"og:description\" content=\"Somos una consultora especializada en procesos de transferencia de resultados tecnol\u00f3gicos al mercado y la captaci\u00f3n de financiaci\u00f3n.\" \/>\n<meta property=\"og:url\" content=\"https:\/\/www.eftconsulting.com\/es\/\" \/>\n<meta property=\"og:site_name\" content=\"EFT Consulting\" \/>\n<meta property=\"article:modified_time\" content=\"2021-05-04T16:31:36+00:00\" \/>\n<meta property=\"og:image\" content=\"https:\/\/www.eftconsulting.com\/wp-content\/uploads\/2021\/02\/etf-consulting-seo-fb-02.jpg\" \/>\n\t<meta property=\"og:image:width\" content=\"2401\" \/>\n\t<meta property=\"og:image:height\" content=\"1261\" \/>\n<meta name=\"twitter:card\" content=\"summary_large_image\" \/>\n<meta name=\"twitter:title\" content=\"EFT Consulting | Profitable Innovation\" \/>\n<meta name=\"twitter:description\" content=\"Somos una consultora especializada en procesos de transferencia de resultados tecnol\u00f3gicos al mercado y la captaci\u00f3n de financiaci\u00f3n.\" \/>\n<meta name=\"twitter:image\" content=\"https:\/\/www.eftconsulting.com\/wp-content\/uploads\/2021\/02\/etf-consulting-seo-tw.jpg\" \/>\n<meta name=\"twitter:label1\" content=\"Tiempo de lectura\">\n\t<meta name=\"twitter:data1\" content=\"2 minutos\">\n<script type=\"application\/ld+json\" class=\"yoast-schema-graph\">{\"@context\":\"https:\/\/schema.org\",\"@graph\":[{\"@type\":\"Organization\",\"@id\":\"https:\/\/www.eftconsulting.com\/#organization\",\"name\":\"EFT Consulting\",\"url\":\"https:\/\/www.eftconsulting.com\/\",\"sameAs\":[\"https:\/\/www.linkedin.com\/company\/eft-innovation-&amp;-commercialization-consulting-sl\/\"],\"logo\":{\"@type\":\"ImageObject\",\"@id\":\"https:\/\/www.eftconsulting.com\/#logo\",\"inLanguage\":\"es\",\"url\":\"https:\/\/www.eftconsulting.com\/wp-content\/uploads\/2020\/10\/eft-positivo.png\",\"width\":2996,\"height\":1024,\"caption\":\"EFT Consulting\"},\"image\":{\"@id\":\"https:\/\/www.eftconsulting.com\/#logo\"}},{\"@type\":\"WebSite\",\"@id\":\"https:\/\/www.eftconsulting.com\/#website\",\"url\":\"https:\/\/www.eftconsulting.com\/\",\"name\":\"EFT Consulting\",\"description\":\"Profitable Innovation\",\"publisher\":{\"@id\":\"https:\/\/www.eftconsulting.com\/#organization\"},\"potentialAction\":[{\"@type\":\"SearchAction\",\"target\":\"https:\/\/www.eftconsulting.com\/?s={search_term_string}\",\"query-input\":\"required name=search_term_string\"}],\"inLanguage\":\"es\"},{\"@type\":\"WebPage\",\"@id\":\"https:\/\/www.eftconsulting.com\/es\/#webpage\",\"url\":\"https:\/\/www.eftconsulting.com\/es\/\",\"name\":\"EFT Consulting | Profitable Innovation\",\"isPartOf\":{\"@id\":\"https:\/\/www.eftconsulting.com\/#website\"},\"datePublished\":\"2020-10-21T14:51:39+00:00\",\"dateModified\":\"2021-05-04T16:31:36+00:00\",\"description\":\"Somos una consultora especializada en procesos de transferencia de resultados tecnol\\u00f3gicos al mercado y la captaci\\u00f3n de financiaci\\u00f3n.\",\"breadcrumb\":{\"@id\":\"https:\/\/www.eftconsulting.com\/es\/#breadcrumb\"},\"inLanguage\":\"es\",\"potentialAction\":[{\"@type\":\"ReadAction\",\"target\":[\"https:\/\/www.eftconsulting.com\/es\/\"]}]},{\"@type\":\"BreadcrumbList\",\"@id\":\"https:\/\/www.eftconsulting.com\/es\/#breadcrumb\",\"itemListElement\":[{\"@type\":\"ListItem\",\"position\":1,\"item\":{\"@type\":\"WebPage\",\"@id\":\"https:\/\/www.eftconsulting.com\/es\/\",\"url\":\"https:\/\/www.eftconsulting.com\/es\/\",\"name\":\"Home\"}},{\"@type\":\"ListItem\",\"position\":2,\"item\":{\"@type\":\"WebPage\",\"@id\":\"https:\/\/www.eftconsulting.com\/es\/\",\"url\":\"https:\/\/www.eftconsulting.com\/es\/\",\"name\":\"Inicio\"}}]}]}<\/script>\n<!-- \/ Yoast SEO plugin. -->","_links":{"self":[{"href":"https:\/\/www.eftconsulting.com\/es\/wp-json\/wp\/v2\/pages\/17","targetHints":{"allow":["GET"]}}],"collection":[{"href":"https:\/\/www.eftconsulting.com\/es\/wp-json\/wp\/v2\/pages"}],"about":[{"href":"https:\/\/www.eftconsulting.com\/es\/wp-json\/wp\/v2\/types\/page"}],"author":[{"embeddable":true,"href":"https:\/\/www.eftconsulting.com\/es\/wp-json\/wp\/v2\/users\/1"}],"replies":[{"embeddable":true,"href":"https:\/\/www.eftconsulting.com\/es\/wp-json\/wp\/v2\/comments?post=17"}],"version-history":[{"count":15,"href":"https:\/\/www.eftconsulting.com\/es\/wp-json\/wp\/v2\/pages\/17\/revisions"}],"predecessor-version":[{"id":191,"href":"https:\/\/www.eftconsulting.com\/es\/wp-json\/wp\/v2\/pages\/17\/revisions\/191"}],"wp:attachment":[{"href":"https:\/\/www.eftconsulting.com\/es\/wp-json\/wp\/v2\/media?parent=17"}],"curies":[{"name":"wp","href":"https:\/\/api.w.org\/{rel}","templated":true}]}}