{"id":140,"date":"2020-10-27T18:51:50","date_gmt":"2020-10-27T17:51:50","guid":{"rendered":"https:\/\/www.eftconsulting.com\/?page_id=140"},"modified":"2020-10-28T09:59:41","modified_gmt":"2020-10-28T08:59:41","slug":"politica-cookies","status":"publish","type":"page","link":"https:\/\/www.eftconsulting.com\/es\/politica-cookies\/","title":{"rendered":"Pol\u00edtica de cookies"},"content":{"rendered":"<h1>Pol\u00edtica de Cookies<\/h1>\n<h4>\u00bfQu\u00e9 son las cookies?<\/h4>\n<p>Las cookies son archivos almacenados por las p\u00e1ginas web en los navegadores del usuario, las cuales contienen datos de sesi\u00f3n que pueden ser de utilidad m\u00e1s adelante en la misma p\u00e1gina web. Estos datos, que se guardan en las cookies, permiten mantener la informaci\u00f3n de navegaci\u00f3n entre las diferentes p\u00e1ginas del sitio Web, al tiempo que analizan la forma de interactuar con este, de forma que puede identificarse una preferencia de usuario.<\/p>\n<h4>Descripci\u00f3n de las cookies<\/h4>\n<p><strong>Cookies t\u00e9cnicas<\/strong>: Son aqu\u00e9llas que permiten al usuario la navegaci\u00f3n a trav\u00e9s de una p\u00e1gina web, plataforma o aplicaci\u00f3n y la utilizaci\u00f3n de las diferentes opciones o servicios que en ella existan como, por ejemplo, controlar el tr\u00e1fico y la comunicaci\u00f3n de datos, identificar la sesi\u00f3n, acceder a partes de acceso restringido, recordar los elementos que integran un pedido, realizar el proceso de compra de un pedido, utilizar elementos de seguridad durante la navegaci\u00f3n o compartir contenidos a trav\u00e9s de redes sociales.<\/p>\n<p><strong>Cookies de personalizaci\u00f3n<\/strong>: Son aqu\u00e9llas que permiten al usuario acceder al servicio con algunas caracter\u00edsticas de car\u00e1cter general predefinidas en funci\u00f3n de una serie de criterios en el terminal del usuario como por ejemplo serian el idioma, el tipo de navegador a trav\u00e9s del cual accede al servicio, la configuraci\u00f3n regional desde donde accede al servicio, etc.<\/p>\n<p><strong>Cookies de sesi\u00f3n<\/strong>: son cookies temporales que permanecen en el archivo de cookies del navegador hasta que se abandona la p\u00e1gina web. Se suele emplear para analizar pautas de tr\u00e1fico en la web. A la larga, esto permite proporcionar una mejor experiencia para mejorar el contenido y facilitar su uso.<\/p>\n<p><strong>Cookies de an\u00e1lisis<\/strong>: Son aqu\u00e9llas que bien tratadas por nosotros o por terceros, nos permiten cuantificar el n\u00famero de usuarios y as\u00ed realizar la medici\u00f3n y an\u00e1lisis estad\u00edstico de la utilizaci\u00f3n que hacen los usuarios del servicio ofertado. Para ello se analiza su navegaci\u00f3n en nuestra p\u00e1gina web con el fin de mejorar la oferta de productos o servicios que le ofrecemos.<strong>\u00a0<\/strong><\/p>\n<h4>\u00bfQu\u00e9 cookies utilizamos en este sitio web?<\/h4>\n<ul>\n<li>_ga: Cookie de terceros y de an\u00e1lisis para registrar la identificaci\u00f3n de usuarios. Caducidad 2 a\u00f1os.<\/li>\n<li>_gat: Cookie de terceros, y de an\u00e1lisis, para analizar comportamientos de navegaci\u00f3n. Caducidad 10 minutos.<\/li>\n<li>_gid: Cookie de terceros y de an\u00e1lisis para registrar la ID de usuarios. Caducidad 24 horas.<\/li>\n<li>moove_gdpr_popup: cookie propia y de sesi\u00f3n utilizada para guardar las preferencias sobre cookies. Caducidad: 1 a\u00f1o.<\/li>\n<\/ul>\n<h4>\u00bfC\u00f3mo deshabilitar las cookies?<\/h4>\n<ul>\n<li><a href=\"https:\/\/support.microsoft.com\/es-es\/kb\/278835\"><strong>Internet Explorer<\/strong><\/a><\/li>\n<li><a href=\"https:\/\/support.mozilla.org\/es\/kb\/habilitar-y-deshabilitar-cookies-sitios-web-rastrear-preferencias\"><strong>Mozilla Firefox<\/strong><\/a><\/li>\n<li><a href=\"http:\/\/support.google.com\/chrome\/answer\/95647?hl=es\"><strong>Google Chrome<\/strong><\/a><\/li>\n<li><a href=\"https:\/\/support.apple.com\/es-es\/guide\/safari\/sfri11471\/mac\"><strong>Safari<\/strong><\/a><\/li>\n<li><a href=\"https:\/\/www.opera.com\/help\/tutorials\/security\/privacy\/\"><strong>Opera<\/strong><\/a><\/li>\n<\/ul>\n","protected":false},"excerpt":{"rendered":"<p>Pol\u00edtica de Cookies \u00bfQu\u00e9 son las cookies? Las cookies son archivos almacenados por las p\u00e1ginas web en los navegadores del usuario,&#8230;<\/p>\n","protected":false},"author":1,"featured_media":0,"parent":0,"menu_order":0,"comment_status":"closed","ping_status":"closed","template":"","meta":{"footnotes":""},"class_list":["post-140","page","type-page","status-publish","hentry"],"yoast_head":"<!-- This site is optimized with the Yoast SEO plugin v15.8 - https:\/\/yoast.com\/wordpress\/plugins\/seo\/ -->\n<title>EFT Consulting | Pol\u00edtica de cookies<\/title>\n<meta name=\"robots\" content=\"noindex, nofollow\" \/>\n<meta property=\"og:locale\" content=\"es_ES\" \/>\n<meta property=\"og:type\" content=\"article\" \/>\n<meta property=\"og:title\" content=\"EFT Consulting | Pol\u00edtica de cookies\" \/>\n<meta property=\"og:description\" content=\"Pol\u00edtica de Cookies \u00bfQu\u00e9 son las cookies? Las cookies son archivos almacenados por las p\u00e1ginas web en los navegadores del usuario,...\" \/>\n<meta property=\"og:url\" content=\"https:\/\/www.eftconsulting.com\/politica-cookies\/\" \/>\n<meta property=\"og:site_name\" content=\"EFT Consulting\" \/>\n<meta property=\"article:modified_time\" content=\"2020-10-28T08:59:41+00:00\" \/>\n<meta name=\"twitter:card\" content=\"summary_large_image\" \/>\n<meta name=\"twitter:label1\" content=\"Tiempo de lectura\">\n\t<meta name=\"twitter:data1\" content=\"2 minutos\">\n<script type=\"application\/ld+json\" class=\"yoast-schema-graph\">{\"@context\":\"https:\/\/schema.org\",\"@graph\":[{\"@type\":\"Organization\",\"@id\":\"https:\/\/www.eftconsulting.com\/#organization\",\"name\":\"EFT Consulting\",\"url\":\"https:\/\/www.eftconsulting.com\/\",\"sameAs\":[\"https:\/\/www.linkedin.com\/company\/eft-innovation-&amp;-commercialization-consulting-sl\/\"],\"logo\":{\"@type\":\"ImageObject\",\"@id\":\"https:\/\/www.eftconsulting.com\/#logo\",\"inLanguage\":\"es\",\"url\":\"https:\/\/www.eftconsulting.com\/wp-content\/uploads\/2020\/10\/eft-positivo.png\",\"width\":2996,\"height\":1024,\"caption\":\"EFT Consulting\"},\"image\":{\"@id\":\"https:\/\/www.eftconsulting.com\/#logo\"}},{\"@type\":\"WebSite\",\"@id\":\"https:\/\/www.eftconsulting.com\/#website\",\"url\":\"https:\/\/www.eftconsulting.com\/\",\"name\":\"EFT Consulting\",\"description\":\"Profitable Innovation\",\"publisher\":{\"@id\":\"https:\/\/www.eftconsulting.com\/#organization\"},\"potentialAction\":[{\"@type\":\"SearchAction\",\"target\":\"https:\/\/www.eftconsulting.com\/?s={search_term_string}\",\"query-input\":\"required name=search_term_string\"}],\"inLanguage\":\"es\"},{\"@type\":\"WebPage\",\"@id\":\"https:\/\/www.eftconsulting.com\/politica-cookies\/#webpage\",\"url\":\"https:\/\/www.eftconsulting.com\/politica-cookies\/\",\"name\":\"EFT Consulting | Pol\\u00edtica de cookies\",\"isPartOf\":{\"@id\":\"https:\/\/www.eftconsulting.com\/#website\"},\"datePublished\":\"2020-10-27T17:51:50+00:00\",\"dateModified\":\"2020-10-28T08:59:41+00:00\",\"breadcrumb\":{\"@id\":\"https:\/\/www.eftconsulting.com\/politica-cookies\/#breadcrumb\"},\"inLanguage\":\"es\",\"potentialAction\":[{\"@type\":\"ReadAction\",\"target\":[\"https:\/\/www.eftconsulting.com\/politica-cookies\/\"]}]},{\"@type\":\"BreadcrumbList\",\"@id\":\"https:\/\/www.eftconsulting.com\/politica-cookies\/#breadcrumb\",\"itemListElement\":[{\"@type\":\"ListItem\",\"position\":1,\"item\":{\"@type\":\"WebPage\",\"@id\":\"https:\/\/www.eftconsulting.com\/es\/\",\"url\":\"https:\/\/www.eftconsulting.com\/es\/\",\"name\":\"Home\"}},{\"@type\":\"ListItem\",\"position\":2,\"item\":{\"@type\":\"WebPage\",\"@id\":\"https:\/\/www.eftconsulting.com\/politica-cookies\/\",\"url\":\"https:\/\/www.eftconsulting.com\/politica-cookies\/\",\"name\":\"Pol\\u00edtica de cookies\"}}]}]}<\/script>\n<!-- \/ Yoast SEO plugin. -->","_links":{"self":[{"href":"https:\/\/www.eftconsulting.com\/es\/wp-json\/wp\/v2\/pages\/140","targetHints":{"allow":["GET"]}}],"collection":[{"href":"https:\/\/www.eftconsulting.com\/es\/wp-json\/wp\/v2\/pages"}],"about":[{"href":"https:\/\/www.eftconsulting.com\/es\/wp-json\/wp\/v2\/types\/page"}],"author":[{"embeddable":true,"href":"https:\/\/www.eftconsulting.com\/es\/wp-json\/wp\/v2\/users\/1"}],"replies":[{"embeddable":true,"href":"https:\/\/www.eftconsulting.com\/es\/wp-json\/wp\/v2\/comments?post=140"}],"version-history":[{"count":1,"href":"https:\/\/www.eftconsulting.com\/es\/wp-json\/wp\/v2\/pages\/140\/revisions"}],"predecessor-version":[{"id":141,"href":"https:\/\/www.eftconsulting.com\/es\/wp-json\/wp\/v2\/pages\/140\/revisions\/141"}],"wp:attachment":[{"href":"https:\/\/www.eftconsulting.com\/es\/wp-json\/wp\/v2\/media?parent=140"}],"curies":[{"name":"wp","href":"https:\/\/api.w.org\/{rel}","templated":true}]}}