{"id":134,"date":"2020-10-27T18:42:57","date_gmt":"2020-10-27T17:42:57","guid":{"rendered":"https:\/\/www.eftconsulting.com\/?page_id=134"},"modified":"2020-10-28T10:00:52","modified_gmt":"2020-10-28T09:00:52","slug":"politica-privacidad","status":"publish","type":"page","link":"https:\/\/www.eftconsulting.com\/es\/politica-privacidad\/","title":{"rendered":"Pol\u00edtica de privacidad"},"content":{"rendered":"<h1>Pol\u00edtica de privacidad<\/h1>\n<p>A trav\u00e9s de esta p\u00e1gina web no se recaban datos de car\u00e1cter personal de los usuarios sin su conocimiento, ni se ceden a terceros.<\/p>\n<p>La p\u00e1gina web <a href=\"https:\/\/www.eftconsulting.com\">www.eftconsulting.com<\/a> puede contener enlaces a sitios web de terceros, cuyas pol\u00edticas de privacidad son ajenas a la de <a href=\"http:\/\/qubiotech.com\/\">www.eftconsulting.com<\/a>. Al acceder a tales p\u00e1ginas web, el usuario puede decidir si aceptar sus pol\u00edticas de privacidad y de cookies. Con car\u00e1cter general, si navega por internet usted puede aceptar o rechazar las cookies de terceros desde las opciones de configuraci\u00f3n de su navegador.<\/p>\n<p>A continuaci\u00f3n, le indicamos la informaci\u00f3n b\u00e1sica:<\/p>\n<h4>Responsable del tratamiento:<\/h4>\n<p>Los datos de car\u00e1cter personal que se pudieran recabar directamente del usuario ser\u00e1n tratados de forma confidencial y quedar\u00e1n incorporados a la correspondiente actividad de tratamiento titularidad de Eft Innovation &amp; Commercialization Consulting Sl (en adelante \u201cel propietario\u201d).<\/p>\n<h4>Finalidad del tratamiento:<\/h4>\n<p>La finalidad del sitio web es la de informar de los productos y servicios relacionados con su actividad empresarial. El usuario consiente expresamente que sus datos personales sean tratados para la remisi\u00f3n de informaci\u00f3n de car\u00e1cter comercial por v\u00eda electr\u00f3nica (Por ejemplo: correo electr\u00f3nico, redes sociales\u2026 etc.).<\/p>\n<h4>Legitimaci\u00f3n del tratamiento:<\/h4>\n<p>El tratamiento de sus datos se realiza para el cumplimiento de la relaci\u00f3n contractual entre el usuario registrado y el titular de esta p\u00e1gina web, as\u00ed como cuando la finalidad del tratamiento requiera su consentimiento, para lo cual se han habilitado los correspondientes formularios, que habr\u00e1 de ser prestado mediante una clara acci\u00f3n afirmativa (Por ejemplo, mediante la aceptaci\u00f3n de la casilla correspondiente a la pol\u00edtica de privacidad).<\/p>\n<h4>Conservaci\u00f3n de datos:<\/h4>\n<p>Los datos personales proporcionados por los usuarios, ya sea a trav\u00e9s de los formularios de contacto o a trav\u00e9s del registro de usuarios en la p\u00e1gina web, se conservar\u00e1n durante el tiempo necesario para cumplir con la finalidad para la que se recaban y para determinar las posibles responsabilidades que se pudieran derivar de la finalidad, adem\u00e1s de los per\u00edodos establecidos en la normativa de archivos y documentaci\u00f3n.<\/p>\n<h4>Comunicaci\u00f3n de datos<\/h4>\n<p>Con car\u00e1cter general no se comunicar\u00e1n los datos personales a terceros, salvo obligaci\u00f3n legal.<\/p>\n<h4>Tratamiento de datos de menores:<\/h4>\n<p>Las personas mayores de 16 a\u00f1os podr\u00e1n prestar v\u00e1lidamente su consentimiento para el tratamiento de sus datos personales a trav\u00e9s de esta p\u00e1gina web.<\/p>\n<p>El tratamiento de datos de personas menores de 16 a\u00f1os necesitar\u00e1 el consentimiento de sus padres o tutores legales, cuesti\u00f3n que habr\u00e1 de manifestarse en los formularios de contacto.<\/p>\n<h4>Derechos de los interesados:<\/h4>\n<p>Puede ejercer sus derechos de acceso, rectificaci\u00f3n, supresi\u00f3n, oposici\u00f3n y limitaci\u00f3n del tratamiento y portabilidad de sus datos, as\u00ed como a no ser objeto de decisiones basadas \u00fanicamente en el tratamiento automatizado de sus datos, cuando procedan, ante la Agencia Espa\u00f1ola de Protecci\u00f3n de Datos, mediante correo postal en Calle da Senra, 13 &#8211; PISO 2 B, Santiago de Compostela, 15702 , La Coru\u00f1a o en la direcci\u00f3n de correo electr\u00f3nico <a href=\"mailto:eladio.crego@eftconsulting.com\">eladio.crego@eftconsulting.com<\/a><\/p>\n","protected":false},"excerpt":{"rendered":"<p>Pol\u00edtica de privacidad A trav\u00e9s de esta p\u00e1gina web no se recaban datos de car\u00e1cter personal de los usuarios sin su&#8230;<\/p>\n","protected":false},"author":1,"featured_media":0,"parent":0,"menu_order":0,"comment_status":"closed","ping_status":"closed","template":"","meta":{"footnotes":""},"class_list":["post-134","page","type-page","status-publish","hentry"],"yoast_head":"<!-- This site is optimized with the Yoast SEO plugin v15.8 - https:\/\/yoast.com\/wordpress\/plugins\/seo\/ -->\n<title>EFT Consulting | Pol\u00edtica de privacidad<\/title>\n<meta name=\"robots\" content=\"noindex, nofollow\" \/>\n<meta property=\"og:locale\" content=\"es_ES\" \/>\n<meta property=\"og:type\" content=\"article\" \/>\n<meta property=\"og:title\" content=\"EFT Consulting | Pol\u00edtica de privacidad\" \/>\n<meta property=\"og:description\" content=\"Pol\u00edtica de privacidad A trav\u00e9s de esta p\u00e1gina web no se recaban datos de car\u00e1cter personal de los usuarios sin su...\" \/>\n<meta property=\"og:url\" content=\"https:\/\/www.eftconsulting.com\/politica-privacidad\/\" \/>\n<meta property=\"og:site_name\" content=\"EFT Consulting\" \/>\n<meta property=\"article:modified_time\" content=\"2020-10-28T09:00:52+00:00\" \/>\n<meta name=\"twitter:card\" content=\"summary_large_image\" \/>\n<meta name=\"twitter:label1\" content=\"Tiempo de lectura\">\n\t<meta name=\"twitter:data1\" content=\"3 minutos\">\n<script type=\"application\/ld+json\" class=\"yoast-schema-graph\">{\"@context\":\"https:\/\/schema.org\",\"@graph\":[{\"@type\":\"Organization\",\"@id\":\"https:\/\/www.eftconsulting.com\/#organization\",\"name\":\"EFT Consulting\",\"url\":\"https:\/\/www.eftconsulting.com\/\",\"sameAs\":[\"https:\/\/www.linkedin.com\/company\/eft-innovation-&amp;-commercialization-consulting-sl\/\"],\"logo\":{\"@type\":\"ImageObject\",\"@id\":\"https:\/\/www.eftconsulting.com\/#logo\",\"inLanguage\":\"es\",\"url\":\"https:\/\/www.eftconsulting.com\/wp-content\/uploads\/2020\/10\/eft-positivo.png\",\"width\":2996,\"height\":1024,\"caption\":\"EFT Consulting\"},\"image\":{\"@id\":\"https:\/\/www.eftconsulting.com\/#logo\"}},{\"@type\":\"WebSite\",\"@id\":\"https:\/\/www.eftconsulting.com\/#website\",\"url\":\"https:\/\/www.eftconsulting.com\/\",\"name\":\"EFT Consulting\",\"description\":\"Profitable Innovation\",\"publisher\":{\"@id\":\"https:\/\/www.eftconsulting.com\/#organization\"},\"potentialAction\":[{\"@type\":\"SearchAction\",\"target\":\"https:\/\/www.eftconsulting.com\/?s={search_term_string}\",\"query-input\":\"required name=search_term_string\"}],\"inLanguage\":\"es\"},{\"@type\":\"WebPage\",\"@id\":\"https:\/\/www.eftconsulting.com\/politica-privacidad\/#webpage\",\"url\":\"https:\/\/www.eftconsulting.com\/politica-privacidad\/\",\"name\":\"EFT Consulting | Pol\\u00edtica de privacidad\",\"isPartOf\":{\"@id\":\"https:\/\/www.eftconsulting.com\/#website\"},\"datePublished\":\"2020-10-27T17:42:57+00:00\",\"dateModified\":\"2020-10-28T09:00:52+00:00\",\"breadcrumb\":{\"@id\":\"https:\/\/www.eftconsulting.com\/politica-privacidad\/#breadcrumb\"},\"inLanguage\":\"es\",\"potentialAction\":[{\"@type\":\"ReadAction\",\"target\":[\"https:\/\/www.eftconsulting.com\/politica-privacidad\/\"]}]},{\"@type\":\"BreadcrumbList\",\"@id\":\"https:\/\/www.eftconsulting.com\/politica-privacidad\/#breadcrumb\",\"itemListElement\":[{\"@type\":\"ListItem\",\"position\":1,\"item\":{\"@type\":\"WebPage\",\"@id\":\"https:\/\/www.eftconsulting.com\/es\/\",\"url\":\"https:\/\/www.eftconsulting.com\/es\/\",\"name\":\"Home\"}},{\"@type\":\"ListItem\",\"position\":2,\"item\":{\"@type\":\"WebPage\",\"@id\":\"https:\/\/www.eftconsulting.com\/politica-privacidad\/\",\"url\":\"https:\/\/www.eftconsulting.com\/politica-privacidad\/\",\"name\":\"Pol\\u00edtica de privacidad\"}}]}]}<\/script>\n<!-- \/ Yoast SEO plugin. -->","_links":{"self":[{"href":"https:\/\/www.eftconsulting.com\/es\/wp-json\/wp\/v2\/pages\/134","targetHints":{"allow":["GET"]}}],"collection":[{"href":"https:\/\/www.eftconsulting.com\/es\/wp-json\/wp\/v2\/pages"}],"about":[{"href":"https:\/\/www.eftconsulting.com\/es\/wp-json\/wp\/v2\/types\/page"}],"author":[{"embeddable":true,"href":"https:\/\/www.eftconsulting.com\/es\/wp-json\/wp\/v2\/users\/1"}],"replies":[{"embeddable":true,"href":"https:\/\/www.eftconsulting.com\/es\/wp-json\/wp\/v2\/comments?post=134"}],"version-history":[{"count":1,"href":"https:\/\/www.eftconsulting.com\/es\/wp-json\/wp\/v2\/pages\/134\/revisions"}],"predecessor-version":[{"id":136,"href":"https:\/\/www.eftconsulting.com\/es\/wp-json\/wp\/v2\/pages\/134\/revisions\/136"}],"wp:attachment":[{"href":"https:\/\/www.eftconsulting.com\/es\/wp-json\/wp\/v2\/media?parent=134"}],"curies":[{"name":"wp","href":"https:\/\/api.w.org\/{rel}","templated":true}]}}