{"id":126,"date":"2020-10-27T18:34:02","date_gmt":"2020-10-27T17:34:02","guid":{"rendered":"https:\/\/www.eftconsulting.com\/?page_id=126"},"modified":"2020-10-28T10:02:32","modified_gmt":"2020-10-28T09:02:32","slug":"aviso-legal","status":"publish","type":"page","link":"https:\/\/www.eftconsulting.com\/es\/aviso-legal\/","title":{"rendered":"Aviso legal"},"content":{"rendered":"<h1>Aviso Legal<\/h1>\n<p>Eft Innovation &amp; Commercialization Consulting Sl como responsable de este sitio web, pone a disposici\u00f3n de los usuarios el presente documento con el que pretende dar cumplimiento a las obligaciones dispuestas en la Ley 34\/2002, de Servicios de la Sociedad de la Informaci\u00f3n (LSSI), en particular, conforme a lo dispuesto en su art\u00edculo 10, este sitio web ofrece a los usuarios o destinatarios del servicio y a los \u00f3rganos competentes, la siguiente informaci\u00f3n de forma permanente, f\u00e1cil, directa y gratuita:<\/p>\n<ul>\n<li><strong>Titular del sitio web<\/strong>: Eft Innovation &amp; Commercialization Consulting Sl (en adelante \u201cel propietario\u201d)<\/li>\n<li><strong>CIF:<\/strong> B70428669<\/li>\n<li><strong>Domicilio a efectos de notificaciones: <\/strong>Calle da Senra, 13 &#8211; PISO 2 B, Santiago de Compostela, 15702 , La Coru\u00f1a<\/li>\n<li><strong>Correo electr\u00f3nico a efectos de notificaciones: <\/strong><a href=\"mailto:eladio.crego@eftconsulting.com\">eladio.crego@eftconsulting.com<\/a><\/li>\n<li><strong>Nombre del dominio web<\/strong>: <a href=\"https:\/\/www.eftconsulting.com\">www.eftconsulting.com<\/a> es un nombre de dominio del titular del sitio web y las presentes condiciones regulan el acceso a este sitio web.<\/li>\n<\/ul>\n<h4>R\u00e9gimen de autorizaci\u00f3n administrativa previa<\/h4>\n<p>La actividad desarrollada a trav\u00e9s de la presente p\u00e1gina web no est\u00e1 sujeta a un r\u00e9gimen de autorizaci\u00f3n administrativa previa, (art\u00edculo 6 de la Ley 34\/2002 de Servicios de la Sociedad de la Informaci\u00f3n y del Comercio Electr\u00f3nico (LSSI)).<\/p>\n<h4>Responsabilidad sobre el contenido<\/h4>\n<p>El propietario no es responsable de cualquier da\u00f1o directo o indirecto que pueda ocasionar la exactitud, integridad o veracidad de dicha informaci\u00f3n, as\u00ed como tampoco del uso del contenido o elementos de este sitio web.<\/p>\n<h4>Responsabilidad sobre enlaces e informaciones de terceros<\/h4>\n<p>El propietario declara que podr\u00e1 incluir informaci\u00f3n sobre terceros de modo que complemente la informaci\u00f3n de sus servicios. En cumplimiento del art\u00edculo 17 de la Ley 34\/2002 de Servicios de la Sociedad de la Informaci\u00f3n y del Comercio Electr\u00f3nico (LSSI), la presente p\u00e1gina web declara que no tiene responsabilidad sobre los enlaces facilitados a otros contenidos o que incluyan en los suyos directorios o instrumentos de b\u00fasqueda de contenidos:<\/p>\n<ul>\n<li>Excepto tenga conocimiento efectivo de que la actividad o la informaci\u00f3n a la que remiten o recomiendan es il\u00edcita o de que lesiona bienes o derechos de un tercero susceptibles de indemnizaci\u00f3n.<\/li>\n<li>Act\u00fae con diligencia para suprimir o inutilizar el enlace correspondiente.<\/li>\n<\/ul>\n<h4>Responsabilidad por el funcionamiento del sitio web<\/h4>\n<p>Este sitio web ha sido revisado y probado para que funcione correctamente. No obstante, el propietario no descarta la posibilidad de que existan ciertos errores de programaci\u00f3n, o que acontezcan causas de fuerza mayor que hagan inaccesible la p\u00e1gina web.<\/p>\n<h4>Condiciones de utilizaci\u00f3n del sitio web<\/h4>\n<p>La utilizaci\u00f3n del sitio web o su navegaci\u00f3n no conlleva la obligatoriedad de inscripci\u00f3n o registro del usuario, \u00e9sta tan s\u00f3lo ser\u00e1 necesaria para la solicitud de informaci\u00f3n. Las condiciones de acceso y uso del sitio web del propietario se rigen estrictamente por la legalidad vigente y por el principio de buena fe, comprometi\u00e9ndose el usuario realizar un buen uso del sitio web. Quedan por tanto prohibidos todos los actos que vulneren la legalidad, derechos o intereses de terceros.<\/p>\n<h4>Finalidad del sitio web<\/h4>\n<p>La finalidad del sitio web es la de informar sobre los servicios relacionados con la actividad del propietario.<\/p>\n<h4>Propiedad Intelectual<\/h4>\n<p>El propietario es titular de los derechos de propiedad intelectual sobre los contenidos o elementos de este sitio web, o dispone de los permisos necesarios para su utilizaci\u00f3n. Cualquier acci\u00f3n que implique la reproducci\u00f3n, comunicaci\u00f3n p\u00fablica, distribuci\u00f3n o transformaci\u00f3n, as\u00ed como cualquier otra forma de explotaci\u00f3n econ\u00f3mica de todo o parte de dichos contenidos o elementos, realizado bajo cualquier forma o mediante cualquier medio, requerir\u00e1 el consentimiento previo y por escrito del propietario, salvo que el usuario pueda acreditar de modo fehaciente disponer del correspondiente derecho de propiedad intelectual o de la habilitaci\u00f3n necesaria.<\/p>\n<p>Para realizar cualquier tipo de observaci\u00f3n respecto a posibles incumplimientos de los derechos de propiedad intelectual o industrial, as\u00ed como sobre cualquiera de los contenidos del sitio web, puede hacerlo a trav\u00e9s del siguiente correo electr\u00f3nico <a href=\"mailto:eladio.crego@eftconsulting.com\">eladio.crego@eftconsulting.com<\/a>.<\/p>\n<h4>Aceptaci\u00f3n y modificaciones en el aviso legal<\/h4>\n<p>El propietario podr\u00e1 realizar cuantas modificaciones considere necesarias sobre el contenido de este sitio web sin previo aviso, tanto en lo referente a la informaci\u00f3n de sus productos o servicios como en relaci\u00f3n con cualquier otro elemento que forme parte de este. El contenido de este sitio web es informativo, por lo que el propietario no otorga garant\u00eda alguna sobre la exactitud, integridad o veracidad de la informaci\u00f3n, propia o de terceros, contenida en este sitio web.<\/p>\n<p>Los usuarios que deseen solicitar informaci\u00f3n a trav\u00e9s de la presente p\u00e1gina web deber\u00e1n leer y aceptar lo dispuesto en el presente aviso legal.<\/p>\n<h4>Tribunal Competente y Ley aplicable<\/h4>\n<p>Ante cualquier discrepancia surgida por los productos y servicios que ofrece el propietario tendr\u00e1n competencia los Juzgados y Tribunales de la ciudad de Santiago de Compostela, siempre y cuando est\u00e9 permitida esta sumisi\u00f3n expresa, salvo que corresponda otro foro por la condici\u00f3n de consumidor de la persona usuaria.<\/p>\n","protected":false},"excerpt":{"rendered":"<p>Aviso Legal Eft Innovation &amp; Commercialization Consulting Sl como responsable de este sitio web, pone a disposici\u00f3n de los usuarios el&#8230;<\/p>\n","protected":false},"author":1,"featured_media":0,"parent":0,"menu_order":0,"comment_status":"closed","ping_status":"closed","template":"","meta":{"footnotes":""},"class_list":["post-126","page","type-page","status-publish","hentry"],"yoast_head":"<!-- This site is optimized with the Yoast SEO plugin v15.8 - https:\/\/yoast.com\/wordpress\/plugins\/seo\/ -->\n<title>EFT Consulting | Aviso legal<\/title>\n<meta name=\"robots\" content=\"noindex, nofollow\" \/>\n<meta property=\"og:locale\" content=\"es_ES\" \/>\n<meta property=\"og:type\" content=\"article\" \/>\n<meta property=\"og:title\" content=\"EFT Consulting | Aviso legal\" \/>\n<meta property=\"og:description\" content=\"Aviso Legal Eft Innovation &amp; Commercialization Consulting Sl como responsable de este sitio web, pone a disposici\u00f3n de los usuarios el...\" \/>\n<meta property=\"og:url\" content=\"https:\/\/www.eftconsulting.com\/aviso-legal\/\" \/>\n<meta property=\"og:site_name\" content=\"EFT Consulting\" \/>\n<meta property=\"article:modified_time\" content=\"2020-10-28T09:02:32+00:00\" \/>\n<meta name=\"twitter:card\" content=\"summary_large_image\" \/>\n<meta name=\"twitter:label1\" content=\"Tiempo de lectura\">\n\t<meta name=\"twitter:data1\" content=\"4 minutos\">\n<script type=\"application\/ld+json\" class=\"yoast-schema-graph\">{\"@context\":\"https:\/\/schema.org\",\"@graph\":[{\"@type\":\"Organization\",\"@id\":\"https:\/\/www.eftconsulting.com\/#organization\",\"name\":\"EFT Consulting\",\"url\":\"https:\/\/www.eftconsulting.com\/\",\"sameAs\":[\"https:\/\/www.linkedin.com\/company\/eft-innovation-&amp;-commercialization-consulting-sl\/\"],\"logo\":{\"@type\":\"ImageObject\",\"@id\":\"https:\/\/www.eftconsulting.com\/#logo\",\"inLanguage\":\"es\",\"url\":\"https:\/\/www.eftconsulting.com\/wp-content\/uploads\/2020\/10\/eft-positivo.png\",\"width\":2996,\"height\":1024,\"caption\":\"EFT Consulting\"},\"image\":{\"@id\":\"https:\/\/www.eftconsulting.com\/#logo\"}},{\"@type\":\"WebSite\",\"@id\":\"https:\/\/www.eftconsulting.com\/#website\",\"url\":\"https:\/\/www.eftconsulting.com\/\",\"name\":\"EFT Consulting\",\"description\":\"Profitable Innovation\",\"publisher\":{\"@id\":\"https:\/\/www.eftconsulting.com\/#organization\"},\"potentialAction\":[{\"@type\":\"SearchAction\",\"target\":\"https:\/\/www.eftconsulting.com\/?s={search_term_string}\",\"query-input\":\"required name=search_term_string\"}],\"inLanguage\":\"es\"},{\"@type\":\"WebPage\",\"@id\":\"https:\/\/www.eftconsulting.com\/aviso-legal\/#webpage\",\"url\":\"https:\/\/www.eftconsulting.com\/aviso-legal\/\",\"name\":\"EFT Consulting | Aviso legal\",\"isPartOf\":{\"@id\":\"https:\/\/www.eftconsulting.com\/#website\"},\"datePublished\":\"2020-10-27T17:34:02+00:00\",\"dateModified\":\"2020-10-28T09:02:32+00:00\",\"breadcrumb\":{\"@id\":\"https:\/\/www.eftconsulting.com\/aviso-legal\/#breadcrumb\"},\"inLanguage\":\"es\",\"potentialAction\":[{\"@type\":\"ReadAction\",\"target\":[\"https:\/\/www.eftconsulting.com\/aviso-legal\/\"]}]},{\"@type\":\"BreadcrumbList\",\"@id\":\"https:\/\/www.eftconsulting.com\/aviso-legal\/#breadcrumb\",\"itemListElement\":[{\"@type\":\"ListItem\",\"position\":1,\"item\":{\"@type\":\"WebPage\",\"@id\":\"https:\/\/www.eftconsulting.com\/es\/\",\"url\":\"https:\/\/www.eftconsulting.com\/es\/\",\"name\":\"Home\"}},{\"@type\":\"ListItem\",\"position\":2,\"item\":{\"@type\":\"WebPage\",\"@id\":\"https:\/\/www.eftconsulting.com\/aviso-legal\/\",\"url\":\"https:\/\/www.eftconsulting.com\/aviso-legal\/\",\"name\":\"Aviso legal\"}}]}]}<\/script>\n<!-- \/ Yoast SEO plugin. -->","_links":{"self":[{"href":"https:\/\/www.eftconsulting.com\/es\/wp-json\/wp\/v2\/pages\/126","targetHints":{"allow":["GET"]}}],"collection":[{"href":"https:\/\/www.eftconsulting.com\/es\/wp-json\/wp\/v2\/pages"}],"about":[{"href":"https:\/\/www.eftconsulting.com\/es\/wp-json\/wp\/v2\/types\/page"}],"author":[{"embeddable":true,"href":"https:\/\/www.eftconsulting.com\/es\/wp-json\/wp\/v2\/users\/1"}],"replies":[{"embeddable":true,"href":"https:\/\/www.eftconsulting.com\/es\/wp-json\/wp\/v2\/comments?post=126"}],"version-history":[{"count":6,"href":"https:\/\/www.eftconsulting.com\/es\/wp-json\/wp\/v2\/pages\/126\/revisions"}],"predecessor-version":[{"id":149,"href":"https:\/\/www.eftconsulting.com\/es\/wp-json\/wp\/v2\/pages\/126\/revisions\/149"}],"wp:attachment":[{"href":"https:\/\/www.eftconsulting.com\/es\/wp-json\/wp\/v2\/media?parent=126"}],"curies":[{"name":"wp","href":"https:\/\/api.w.org\/{rel}","templated":true}]}}